{"id":22440,"date":"2022-03-29T09:09:25","date_gmt":"2022-03-29T09:09:25","guid":{"rendered":"https:\/\/www.thegreenmountain-foodservice.com\/startseite\/"},"modified":"2024-11-07T15:28:37","modified_gmt":"2024-11-07T15:28:37","slug":"startseite","status":"publish","type":"page","link":"https:\/\/www.thegreenmountain-foodservice.com\/fr-fr\/","title":{"rendered":"Startseite"},"content":{"rendered":"<section class=\"block-hero   zentriert  overlay \" style=\"background: url(https:\/\/www.thegreenmountain-foodservice.com\/wp-content\/uploads\/2022\/05\/header-restaurant-genuss-3.jpg) center center \/ cover no-repeat; background-color: rgba(0,0,0,0);\">\n    <div class=\"wrapper text-position-zentriert\" style=\" \"><div class=\"text-container\"><h1 class=\"text-white\">Pour celles et ceux qui veulent se faire plaisir sans manger de viande.<br \/>\n<\/h1>\n<\/div><div class=\"last-element\"><\/div>\n\n    <\/div>\n<\/section>\n\n<section class=\"block-text \" style=\"background: url() center center \/ cover no-repeat fixed; background-color: rgba(0,0,0,0);\">\n    <div class=\"wrapper width-100 spalten-1\" style=\" padding-bottom: 0;\"><h2>BONJOUR, LES GOURMETS !<\/h2>\n<h2>Le meilleur du v\u00e9g\u00e9tal maintenant disponible.<\/h2>\n<h3><span>Etonnez vos convives avec \u00ab The Green Mountain \u00bb<\/span><span>.<\/span><\/h3>\n<\/div>\n<\/section>\n\n\n<section class=\"section-produkte-grid acf-produkte-grid\">\n        <div class=\"wrapper width-100\" style=\"padding-top: 0; \">\n\n            <div class=\"produkte-grid\"><div class=\"produkt-item\"><div class=\"produkt-media\" style=\"background-image: url(https:\/\/www.thegreenmountain-foodservice.com\/wp-content\/uploads\/2024\/11\/L3_102524003_Mini_Jobs_Bilder_TGM_780x640px.jpg)!important;\"><\/div><div class=\"produkt-content\">\n                                <h2 class=\"produkt-titel\">Tout notre assortiment Foodservice <\/h2>\n                                <div class=\"produkt-text\"><p>Z\u00e9ro viande, vraiment d\u00e9licieux\u00a0! De l\u2019alternative aux saucisses, \u00e0 l\u2019escalope milanaise v\u00e9g\u00e9talienne croustillante, en passant par le steak\u2026 tout restaurateur \u00e0 la recherche d\u2019alternatives v\u00e9g\u00e9tales trouvera son bonheur dans notre gamme\u00a0!<\/p>\n<\/div><div class=\"produkt-cta\"><div><a href=\"\/ch-fr\/produits\/\" class=\"btn-svg\">D\u00e9couvrir la gamme<\/a><\/div><\/div><\/div>\n\n                    <\/div><div class=\"produkt-item\"><div class=\"produkt-media\" style=\"background-image: url(https:\/\/www.thegreenmountain-foodservice.com\/wp-content\/uploads\/2022\/04\/vielseitige-rezeptideen.jpg)!important;\"><\/div><div class=\"produkt-content\">\n                                <h2 class=\"produkt-titel\">Des id\u00e9es recettes vari\u00e9es pour vos convives<\/h2>\n                                <div class=\"produkt-text\"><p>Vari\u00e9es, de saison, d\u00e9licieuses\u00a0: nous proposons des recettes qui subliment nos produits, pour inspirer les restaurateurs, et convaincre les plus fins gourmets.<\/p>\n<\/div><div class=\"produkt-cta\"><div><a href=\"\/ch-fr\/recettes\/\" class=\"btn-svg\">D\u00e9couvrir des recettes<\/a><\/div><\/div><\/div>\n\n                    <\/div><div class=\"produkt-item\"><div class=\"produkt-media\" style=\"background-image: url(https:\/\/www.thegreenmountain-foodservice.com\/wp-content\/uploads\/2022\/04\/warum-the-green-mountain.jpg)!important;\"><\/div><div class=\"produkt-content\">\n                                <h2 class=\"produkt-titel\">Pourquoi \u00abThe Green Mountain\u00bb ?<\/h2>\n                                <div class=\"produkt-text\"><p>La marque est ancr\u00e9e dans la r\u00e9gion et les produits sont fabriqu\u00e9s de mani\u00e8re durable.<br \/>\nTous les ingr\u00e9dients retrouv\u00e9s dans The Green Mountain sont naturels, simples et d\u2019origine v\u00e9g\u00e9tale. Nos produits sont d\u00e9velopp\u00e9s en Suisse\u00a0!<\/p>\n<\/div><div class=\"produkt-cta\"><div><a href=\"\/ch-fr\/pourquoi-the-green-mountain\/\" class=\"btn-svg\">En savoir plus<\/a><\/div><\/div><\/div>\n\n                    <\/div><\/div><\/div>\n    <\/section>","protected":false},"excerpt":{"rendered":"","protected":false},"author":6,"featured_media":0,"parent":0,"menu_order":0,"comment_status":"closed","ping_status":"closed","template":"","meta":{"_acf_changed":false,"inline_featured_image":false,"footnotes":""},"class_list":["post-22440","page","type-page","status-publish","hentry"],"acf":[],"_links":{"self":[{"href":"https:\/\/www.thegreenmountain-foodservice.com\/fr-fr\/wp-json\/wp\/v2\/pages\/22440","targetHints":{"allow":["GET"]}}],"collection":[{"href":"https:\/\/www.thegreenmountain-foodservice.com\/fr-fr\/wp-json\/wp\/v2\/pages"}],"about":[{"href":"https:\/\/www.thegreenmountain-foodservice.com\/fr-fr\/wp-json\/wp\/v2\/types\/page"}],"author":[{"embeddable":true,"href":"https:\/\/www.thegreenmountain-foodservice.com\/fr-fr\/wp-json\/wp\/v2\/users\/6"}],"replies":[{"embeddable":true,"href":"https:\/\/www.thegreenmountain-foodservice.com\/fr-fr\/wp-json\/wp\/v2\/comments?post=22440"}],"version-history":[{"count":15,"href":"https:\/\/www.thegreenmountain-foodservice.com\/fr-fr\/wp-json\/wp\/v2\/pages\/22440\/revisions"}],"predecessor-version":[{"id":25025,"href":"https:\/\/www.thegreenmountain-foodservice.com\/fr-fr\/wp-json\/wp\/v2\/pages\/22440\/revisions\/25025"}],"wp:attachment":[{"href":"https:\/\/www.thegreenmountain-foodservice.com\/fr-fr\/wp-json\/wp\/v2\/media?parent=22440"}],"curies":[{"name":"wp","href":"https:\/\/api.w.org\/{rel}","templated":true}]}}