{"id":15916,"date":"2022-03-29T09:09:25","date_gmt":"2022-03-29T09:09:25","guid":{"rendered":"https:\/\/www.thegreenmountain-foodservice.com\/startseite\/"},"modified":"2024-11-07T15:19:45","modified_gmt":"2024-11-07T15:19:45","slug":"startseite","status":"publish","type":"page","link":"https:\/\/www.thegreenmountain-foodservice.com\/de-de\/","title":{"rendered":"Startseite"},"content":{"rendered":"<section class=\"block-hero   zentriert  overlay \" style=\"background: url(https:\/\/www.thegreenmountain-foodservice.com\/wp-content\/uploads\/2022\/05\/header-restaurant-genuss-3.jpg) center center \/ cover no-repeat; background-color: rgba(0,0,0,0);\">\n    <div class=\"wrapper text-position-zentriert\" style=\" \"><div class=\"text-container\"><h1 class=\"text-white\">F\u00dcR ALLE, DIE GENUSS WOLLEN.<br \/>\nABER KEIN FLEISCH.<\/h1>\n<div class=\"home-header-cta-bg\">\n<div class=\"home-header-cta-content\">\n<h3>Gastronom<br \/>\noder<br \/>\nH\u00e4ndler?<\/h3>\n<p><a class=\"text-white\" href=\"https:\/\/www.thegreenmountain-foodservice.com\/de-de\/partner-werden\/\">mehr erfahren<\/a><\/p>\n<\/div>\n<\/div>\n<\/div><div class=\"last-element\"><\/div>\n\n    <\/div>\n<\/section>\n\n<section class=\"block-text \" style=\"background: url() center center \/ cover no-repeat fixed; background-color: rgba(0,0,0,0);\">\n    <div class=\"wrapper width-100 spalten-1\" style=\" padding-bottom: 0;\"><h2>GR\u00dcEZI, GASTRONOMIE!<\/h2>\n<h2>JETZT DEN GIPFEL DES PFLANZLICHEN GESCHMACKS AUFTISCHEN.<\/h2>\n<h3><span>MIT \u00abTHE GREEN MOUNTAIN\u00bb \u00c4CHT ALLE G\u00c4STE BEGEISTERN.<\/span><\/h3>\n<\/div>\n<\/section>\n\n\n<section class=\"section-produkte-grid acf-produkte-grid\">\n        <div class=\"wrapper width-100\" style=\"padding-top: 0; \">\n\n            <div class=\"produkte-grid\"><div class=\"produkt-item\"><div class=\"produkt-media\" style=\"background-image: url(https:\/\/www.thegreenmountain-foodservice.com\/wp-content\/uploads\/2024\/11\/L3_102524003_Mini_Jobs_Bilder_TGM_780x640px.jpg)!important;\"><\/div><div class=\"produkt-content\">\n                                <h2 class=\"produkt-titel\">Unser Gesamtes Foodservice Sortiment <\/h2>\n                                <div class=\"produkt-text\"><p><span>Null Fleisch, \u00c4cht Gnuss! Vom vorportionierten, verzehrfertigen Tatar \u00fcber unser Plant-based Schnitzel bis hin zum rohen Br\u00e4t unserer Fleischk\u00e4sealternative \u2013 bei uns wird jeder Gastronom auf der Suche nach pflanzlicher Vielfalt f\u00fcndig.<\/span><\/p>\n<\/div><div class=\"produkt-cta\"><div><a href=\"\/produkte\/\" class=\"btn-svg\">Sortiment Entdecken<\/a><\/div><\/div><\/div>\n\n                    <\/div><div class=\"produkt-item\"><div class=\"produkt-media\" style=\"background-image: url(https:\/\/www.thegreenmountain-foodservice.com\/wp-content\/uploads\/2022\/04\/vielseitige-rezeptideen.jpg)!important;\"><\/div><div class=\"produkt-content\">\n                                <h2 class=\"produkt-titel\">Vielseitige Rezeptideen f\u00fcr Dich &amp; Deine G\u00e4ste <\/h2>\n                                <div class=\"produkt-text\"><p><span>Regional verankert, nachhaltig produziert. Die nat\u00fcrlichen, pflanzenbasierten Produkte von \u00abThe Green Mountain\u00bb \u00fcberzeugen ganz ohne Schnickschnack und Kleingedrucktes. Entwickelt und hergestellt in der Schweiz mit Zutaten aus n\u00e4chster N\u00e4he.<\/span><\/p>\n<\/div><div class=\"produkt-cta\"><div><a href=\"\/rezepte\/\" class=\"btn-svg\">Rezepte Entdecken<\/a><\/div><\/div><\/div>\n\n                    <\/div><div class=\"produkt-item\"><div class=\"produkt-media\" style=\"background-image: url(https:\/\/www.thegreenmountain-foodservice.com\/wp-content\/uploads\/2022\/04\/warum-the-green-mountain.jpg)!important;\"><\/div><div class=\"produkt-content\">\n                                <h2 class=\"produkt-titel\">Warum \u00abThe Green Mountain\u00bb?<\/h2>\n                                <div class=\"produkt-text\"><p><span>Regional verankert, nachhaltig produziert. Die nat\u00fcrlichen, pflanzenbasierten Produkte von \u00abThe Green Mountain\u00bb sind gluschtig und fein \u2013 ohne Schnickschnack und Kleingedrucktes. Entwickelt und produziert in der Schweiz mit Zutaten aus n\u00e4chster N\u00e4he. <\/span><\/p>\n<\/div><div class=\"produkt-cta\"><div><a href=\"\/warum-the-green-mountain\/\" class=\"btn-svg\">Mehr erfahren<\/a><\/div><\/div><\/div>\n\n                    <\/div><\/div><\/div>\n    <\/section>","protected":false},"excerpt":{"rendered":"","protected":false},"author":6,"featured_media":0,"parent":0,"menu_order":0,"comment_status":"closed","ping_status":"closed","template":"","meta":{"_acf_changed":false,"inline_featured_image":false,"footnotes":""},"class_list":["post-15916","page","type-page","status-publish","hentry"],"acf":[],"_links":{"self":[{"href":"https:\/\/www.thegreenmountain-foodservice.com\/de-de\/wp-json\/wp\/v2\/pages\/15916","targetHints":{"allow":["GET"]}}],"collection":[{"href":"https:\/\/www.thegreenmountain-foodservice.com\/de-de\/wp-json\/wp\/v2\/pages"}],"about":[{"href":"https:\/\/www.thegreenmountain-foodservice.com\/de-de\/wp-json\/wp\/v2\/types\/page"}],"author":[{"embeddable":true,"href":"https:\/\/www.thegreenmountain-foodservice.com\/de-de\/wp-json\/wp\/v2\/users\/6"}],"replies":[{"embeddable":true,"href":"https:\/\/www.thegreenmountain-foodservice.com\/de-de\/wp-json\/wp\/v2\/comments?post=15916"}],"version-history":[{"count":17,"href":"https:\/\/www.thegreenmountain-foodservice.com\/de-de\/wp-json\/wp\/v2\/pages\/15916\/revisions"}],"predecessor-version":[{"id":25015,"href":"https:\/\/www.thegreenmountain-foodservice.com\/de-de\/wp-json\/wp\/v2\/pages\/15916\/revisions\/25015"}],"wp:attachment":[{"href":"https:\/\/www.thegreenmountain-foodservice.com\/de-de\/wp-json\/wp\/v2\/media?parent=15916"}],"curies":[{"name":"wp","href":"https:\/\/api.w.org\/{rel}","templated":true}]}}