{"id":15633,"date":"2022-03-29T09:09:44","date_gmt":"2022-03-29T09:09:44","guid":{"rendered":"https:\/\/www.thegreenmountain-foodservice.com\/warum-the-green-mountain\/"},"modified":"2025-07-15T14:49:49","modified_gmt":"2025-07-15T14:49:49","slug":"pourquoi-the-green-mountain","status":"publish","type":"page","link":"https:\/\/www.thegreenmountain-foodservice.com\/ch-fr\/pourquoi-the-green-mountain\/","title":{"rendered":"Pourquoi The Green Mountain"},"content":{"rendered":"<section class=\"block-hero fullscreen  zentriert  overlay \" style=\"background: url(https:\/\/www.thegreenmountain-foodservice.com\/wp-content\/uploads\/2025\/03\/Header-Zubereitung-Smash-Burger-Lido.jpg) center center \/ cover no-repeat; background-color: rgba(0,0,0,0);\">\n    <div class=\"wrapper text-position-zentriert\" style=\"padding-top: 0; \"><div class=\"text-container\"><h1>Pourquoi The Green Mountain<\/h1>\n<\/div><div class=\"last-element\"><\/div>\n\n    <\/div>\n<\/section>\n\n<section class=\"block-text \" style=\"background: url() center center \/ cover no-repeat fixed; background-color: rgba(0,0,0,0);\">\n    <div class=\"wrapper width-100 spalten-1\" style=\" padding-bottom: 0;\"><h2 style=\"text-align: center\">Laisser les professionnels parler pour nous<\/h2>\n<\/div>\n<\/section>\n\n\n<section class=\"section-produkte-grid acf-produkte-grid\">\n        <div class=\"wrapper width-100\" style=\"padding-top: 0; \">\n\n            <div class=\"produkte-grid\"><div class=\"produkt-item\"><div class=\"produkt-media\" style=\"padding-top:0;\"><div style=\"position:relative;\"><video playsinline controls loop poster=\"https:\/\/www.thegreenmountain-foodservice.com\/wp-content\/uploads\/2025\/03\/Cervo_Bazaar_Zermatt_Standbild.jpg\">\n                            <source src=\"https:\/\/www.thegreenmountain-foodservice.com\/wp-content\/uploads\/2025\/03\/Cervo-UT-FR.mp4\" type=\"video\/mp4\"><\/video>\n                        <div class=\"video-play-btn\">\n                            <svg width=\"70\" height=\"70\" viewBox=\"0 0 70 70\" fill=\"none\" xmlns=\"http:\/\/www.w3.org\/2000\/svg\">\n                                <circle cx=\"35\" cy=\"35\" r=\"35\" fill=\"#B8DAAB\" fill-opacity=\"0.9\"\/>\n                                <mask fill=\"white\">\n                                <path d=\"M50.6271 33.356C51.7751 34.1514 51.7751 35.8486 50.6271 36.644L29.889 51.0118C28.5626 51.9307 26.75 50.9814 26.75 49.3678V20.6322C26.75 19.0186 28.5626 18.0693 29.889 18.9882L50.6271 33.356Z\"\/>\n                                <\/mask>\n                                <path d=\"M50.6271 33.356C51.7751 34.1514 51.7751 35.8486 50.6271 36.644L29.889 51.0118C28.5626 51.9307 26.75 50.9814 26.75 49.3678V20.6322C26.75 19.0186 28.5626 18.0693 29.889 18.9882L50.6271 33.356Z\" fill=\"white\"\/>\n                                <path d=\"M29.889 51.0118L65.1977 101.975L29.889 51.0118ZM50.6271 36.644L15.3184 -14.3197L50.6271 36.644ZM15.3184 -14.3197L-5.41969 0.0480881L65.1977 101.975L85.9358 87.6077L15.3184 -14.3197ZM88.75 49.3678V20.6322H-35.25V49.3678H88.75ZM-5.41969 69.9519L15.3184 84.3197L85.9358 -17.6077L65.1977 -31.9755L-5.41969 69.9519ZM88.75 20.6322C88.75 69.0414 34.3724 97.5207 -5.41969 69.9519L65.1977 -31.9755C22.7528 -61.3821 -35.25 -31.0043 -35.25 20.6322H88.75ZM-5.41969 0.0480881C34.3725 -27.5207 88.75 0.9587 88.75 49.3678H-35.25C-35.25 101.004 22.7527 131.382 65.1977 101.975L-5.41969 0.0480881ZM85.9358 87.6077C122.672 62.1559 122.672 7.8441 85.9358 -17.6077L15.3184 84.3197C-19.122 60.4587 -19.122 9.5413 15.3184 -14.3197L85.9358 87.6077Z\" fill=\"none\" mask=\"url(#path-2-inside-1_605_5881)\"\/>\n                            <\/svg>\n                        <\/div><\/div><\/div><div class=\"produkt-content\">\n                                <h2 class=\"produkt-titel\">Cervo Mountain Resort, Zermatt<\/h2>\n                                <div class=\"produkt-text\"><p>Le restaurant Bazaar au Cervo Mountain Resort \u00e0 Zermatt est c\u00e9l\u00e8bre pour deux choses : son concept de partage des plats et ses fameuses pommes frites avec un huile de truffe. Sur la carte, on peut \u00e9galement trouver le Bazaar Burger avec une patty plant-based de haute qualit\u00e9 du THE GREEN MOUNTAIN, du ketchup noir, de l&#8217;aioli et des oignons caram\u00e9lis\u00e9s. Un vrai d\u00e9lice dans une ambiance inoubliable.<\/p>\n<\/div><\/div>\n\n                    <\/div><div class=\"produkt-item\"><div class=\"produkt-media\" style=\"padding-top:0;\"><div style=\"position:relative;\"><video playsinline controls loop poster=\"https:\/\/www.thegreenmountain-foodservice.com\/wp-content\/uploads\/2022\/05\/testimonial-simons-steakhouse.jpg\">\n                            <source src=\"https:\/\/www.thegreenmountain-foodservice.com\/wp-content\/uploads\/2021\/12\/TGM-x-Simons-Steakhouse_DE_web.mp4\" type=\"video\/mp4\"><\/video>\n                        <div class=\"video-play-btn\">\n                            <svg width=\"70\" height=\"70\" viewBox=\"0 0 70 70\" fill=\"none\" xmlns=\"http:\/\/www.w3.org\/2000\/svg\">\n                                <circle cx=\"35\" cy=\"35\" r=\"35\" fill=\"#B8DAAB\" fill-opacity=\"0.9\"\/>\n                                <mask fill=\"white\">\n                                <path d=\"M50.6271 33.356C51.7751 34.1514 51.7751 35.8486 50.6271 36.644L29.889 51.0118C28.5626 51.9307 26.75 50.9814 26.75 49.3678V20.6322C26.75 19.0186 28.5626 18.0693 29.889 18.9882L50.6271 33.356Z\"\/>\n                                <\/mask>\n                                <path d=\"M50.6271 33.356C51.7751 34.1514 51.7751 35.8486 50.6271 36.644L29.889 51.0118C28.5626 51.9307 26.75 50.9814 26.75 49.3678V20.6322C26.75 19.0186 28.5626 18.0693 29.889 18.9882L50.6271 33.356Z\" fill=\"white\"\/>\n                                <path d=\"M29.889 51.0118L65.1977 101.975L29.889 51.0118ZM50.6271 36.644L15.3184 -14.3197L50.6271 36.644ZM15.3184 -14.3197L-5.41969 0.0480881L65.1977 101.975L85.9358 87.6077L15.3184 -14.3197ZM88.75 49.3678V20.6322H-35.25V49.3678H88.75ZM-5.41969 69.9519L15.3184 84.3197L85.9358 -17.6077L65.1977 -31.9755L-5.41969 69.9519ZM88.75 20.6322C88.75 69.0414 34.3724 97.5207 -5.41969 69.9519L65.1977 -31.9755C22.7528 -61.3821 -35.25 -31.0043 -35.25 20.6322H88.75ZM-5.41969 0.0480881C34.3725 -27.5207 88.75 0.9587 88.75 49.3678H-35.25C-35.25 101.004 22.7527 131.382 65.1977 101.975L-5.41969 0.0480881ZM85.9358 87.6077C122.672 62.1559 122.672 7.8441 85.9358 -17.6077L15.3184 84.3197C-19.122 60.4587 -19.122 9.5413 15.3184 -14.3197L85.9358 87.6077Z\" fill=\"none\" mask=\"url(#path-2-inside-1_605_5881)\"\/>\n                            <\/svg>\n                        <\/div><\/div><\/div><div class=\"produkt-content\">\n                                <h2 class=\"produkt-titel\">Simon\u2019s Steakhouse, Zurich<\/h2>\n                                <div class=\"produkt-text\"><p>Si m\u00eame l&#8217;un des steakhouses les plus l\u00e9gendaires de Suisse propose LA v\u00e9ritable alternative au steak sur sa carte, c&#8217;est qu&#8217;elle doit \u00eatre bonne ! D\u00e9couvre le plaisir supr\u00eame avec le steak \u00abThe Green Mountain\u00bb et convaincs-toi &#8211; Simon du Steakhouse du Niederdorf de Zurich l&#8217;est d\u00e9j\u00e0.<\/p>\n<\/div><\/div>\n\n                    <\/div><div class=\"produkt-item\"><div class=\"produkt-media\" style=\"padding-top:0;\"><div style=\"position:relative;\"><video playsinline controls loop poster=\"https:\/\/www.thegreenmountain-foodservice.com\/wp-content\/uploads\/2025\/03\/Gletscher2600_Zugspitze_Standbild.jpg\">\n                            <source src=\"https:\/\/www.thegreenmountain-foodservice.com\/wp-content\/uploads\/2025\/03\/Gletscher-2600-UT-FR_960px.mp4\" type=\"video\/mp4\"><\/video>\n                        <div class=\"video-play-btn\">\n                            <svg width=\"70\" height=\"70\" viewBox=\"0 0 70 70\" fill=\"none\" xmlns=\"http:\/\/www.w3.org\/2000\/svg\">\n                                <circle cx=\"35\" cy=\"35\" r=\"35\" fill=\"#B8DAAB\" fill-opacity=\"0.9\"\/>\n                                <mask fill=\"white\">\n                                <path d=\"M50.6271 33.356C51.7751 34.1514 51.7751 35.8486 50.6271 36.644L29.889 51.0118C28.5626 51.9307 26.75 50.9814 26.75 49.3678V20.6322C26.75 19.0186 28.5626 18.0693 29.889 18.9882L50.6271 33.356Z\"\/>\n                                <\/mask>\n                                <path d=\"M50.6271 33.356C51.7751 34.1514 51.7751 35.8486 50.6271 36.644L29.889 51.0118C28.5626 51.9307 26.75 50.9814 26.75 49.3678V20.6322C26.75 19.0186 28.5626 18.0693 29.889 18.9882L50.6271 33.356Z\" fill=\"white\"\/>\n                                <path d=\"M29.889 51.0118L65.1977 101.975L29.889 51.0118ZM50.6271 36.644L15.3184 -14.3197L50.6271 36.644ZM15.3184 -14.3197L-5.41969 0.0480881L65.1977 101.975L85.9358 87.6077L15.3184 -14.3197ZM88.75 49.3678V20.6322H-35.25V49.3678H88.75ZM-5.41969 69.9519L15.3184 84.3197L85.9358 -17.6077L65.1977 -31.9755L-5.41969 69.9519ZM88.75 20.6322C88.75 69.0414 34.3724 97.5207 -5.41969 69.9519L65.1977 -31.9755C22.7528 -61.3821 -35.25 -31.0043 -35.25 20.6322H88.75ZM-5.41969 0.0480881C34.3725 -27.5207 88.75 0.9587 88.75 49.3678H-35.25C-35.25 101.004 22.7527 131.382 65.1977 101.975L-5.41969 0.0480881ZM85.9358 87.6077C122.672 62.1559 122.672 7.8441 85.9358 -17.6077L15.3184 84.3197C-19.122 60.4587 -19.122 9.5413 15.3184 -14.3197L85.9358 87.6077Z\" fill=\"none\" mask=\"url(#path-2-inside-1_605_5881)\"\/>\n                            <\/svg>\n                        <\/div><\/div><\/div><div class=\"produkt-content\">\n                                <h2 class=\"produkt-titel\">Gletscher 2600, Zugspitze<\/h2>\n                                <div class=\"produkt-text\"><p>Enfin, les produits de THE GREEN MOUNTAIN sont \u00e9galement disponibles au sommet du plus haut mont de l&#8217;Allemagne ! Pour nous, c&#8217;est un r\u00eave qui se concr\u00e9tise. Dans le premier restaurant v\u00e9g\u00e9tarien de la Zugspitze, on peut maintenant trouver les classiques de la cuisine alpine en qualit\u00e9 THE GREEN MOUNTAIN.<\/p>\n<\/div><\/div>\n\n                    <\/div><div class=\"produkt-item\"><div class=\"produkt-media\" style=\"padding-top:0;\"><div style=\"position:relative;\"><video playsinline controls loop poster=\"https:\/\/www.thegreenmountain-foodservice.com\/wp-content\/uploads\/2022\/04\/testimonial-calanda-1.jpg\">\n                            <source src=\"https:\/\/www.thegreenmountain-foodservice.com\/wp-content\/uploads\/2022\/04\/The-Green-Mountain-x-Calanda.mp4\" type=\"video\/mp4\"><\/video>\n                        <div class=\"video-play-btn\">\n                            <svg width=\"70\" height=\"70\" viewBox=\"0 0 70 70\" fill=\"none\" xmlns=\"http:\/\/www.w3.org\/2000\/svg\">\n                                <circle cx=\"35\" cy=\"35\" r=\"35\" fill=\"#B8DAAB\" fill-opacity=\"0.9\"\/>\n                                <mask fill=\"white\">\n                                <path d=\"M50.6271 33.356C51.7751 34.1514 51.7751 35.8486 50.6271 36.644L29.889 51.0118C28.5626 51.9307 26.75 50.9814 26.75 49.3678V20.6322C26.75 19.0186 28.5626 18.0693 29.889 18.9882L50.6271 33.356Z\"\/>\n                                <\/mask>\n                                <path d=\"M50.6271 33.356C51.7751 34.1514 51.7751 35.8486 50.6271 36.644L29.889 51.0118C28.5626 51.9307 26.75 50.9814 26.75 49.3678V20.6322C26.75 19.0186 28.5626 18.0693 29.889 18.9882L50.6271 33.356Z\" fill=\"white\"\/>\n                                <path d=\"M29.889 51.0118L65.1977 101.975L29.889 51.0118ZM50.6271 36.644L15.3184 -14.3197L50.6271 36.644ZM15.3184 -14.3197L-5.41969 0.0480881L65.1977 101.975L85.9358 87.6077L15.3184 -14.3197ZM88.75 49.3678V20.6322H-35.25V49.3678H88.75ZM-5.41969 69.9519L15.3184 84.3197L85.9358 -17.6077L65.1977 -31.9755L-5.41969 69.9519ZM88.75 20.6322C88.75 69.0414 34.3724 97.5207 -5.41969 69.9519L65.1977 -31.9755C22.7528 -61.3821 -35.25 -31.0043 -35.25 20.6322H88.75ZM-5.41969 0.0480881C34.3725 -27.5207 88.75 0.9587 88.75 49.3678H-35.25C-35.25 101.004 22.7527 131.382 65.1977 101.975L-5.41969 0.0480881ZM85.9358 87.6077C122.672 62.1559 122.672 7.8441 85.9358 -17.6077L15.3184 84.3197C-19.122 60.4587 -19.122 9.5413 15.3184 -14.3197L85.9358 87.6077Z\" fill=\"none\" mask=\"url(#path-2-inside-1_605_5881)\"\/>\n                            <\/svg>\n                        <\/div><\/div><\/div><div class=\"produkt-content\">\n                                <h2 class=\"produkt-titel\">Restaurant Calanda, Coire<\/h2>\n                                <div class=\"produkt-text\"><p>&#8220;Incroyablement fin, juteux et facile \u00e0 pr\u00e9parer. Le burger \u00abThe Green Mountain\u00bb est jusqu&#8217;\u00e0 pr\u00e9sent tout simplement le seul qui soit int\u00e9ressant du point de vue gustatif !&#8221; Nous ne voulons priver aucun(e) gourmet(e) d&#8217;un tel \u00e9loge de la part d&#8217;une institution de Coire qui a fait ses preuves.<\/p>\n<\/div><\/div>\n\n                    <\/div><div class=\"produkt-item\"><div class=\"produkt-media\" style=\"padding-top:0;\"><div style=\"position:relative;\"><video playsinline controls loop poster=\"https:\/\/www.thegreenmountain-foodservice.com\/wp-content\/uploads\/2022\/04\/testimonial-60-40-1.jpg\">\n                            <source src=\"https:\/\/www.thegreenmountain-foodservice.com\/wp-content\/uploads\/2022\/04\/The-Green-Mountain-x-60_40-in-Wiesbaden.mp4\" type=\"video\/mp4\"><\/video>\n                        <div class=\"video-play-btn\">\n                            <svg width=\"70\" height=\"70\" viewBox=\"0 0 70 70\" fill=\"none\" xmlns=\"http:\/\/www.w3.org\/2000\/svg\">\n                                <circle cx=\"35\" cy=\"35\" r=\"35\" fill=\"#B8DAAB\" fill-opacity=\"0.9\"\/>\n                                <mask fill=\"white\">\n                                <path d=\"M50.6271 33.356C51.7751 34.1514 51.7751 35.8486 50.6271 36.644L29.889 51.0118C28.5626 51.9307 26.75 50.9814 26.75 49.3678V20.6322C26.75 19.0186 28.5626 18.0693 29.889 18.9882L50.6271 33.356Z\"\/>\n                                <\/mask>\n                                <path d=\"M50.6271 33.356C51.7751 34.1514 51.7751 35.8486 50.6271 36.644L29.889 51.0118C28.5626 51.9307 26.75 50.9814 26.75 49.3678V20.6322C26.75 19.0186 28.5626 18.0693 29.889 18.9882L50.6271 33.356Z\" fill=\"white\"\/>\n                                <path d=\"M29.889 51.0118L65.1977 101.975L29.889 51.0118ZM50.6271 36.644L15.3184 -14.3197L50.6271 36.644ZM15.3184 -14.3197L-5.41969 0.0480881L65.1977 101.975L85.9358 87.6077L15.3184 -14.3197ZM88.75 49.3678V20.6322H-35.25V49.3678H88.75ZM-5.41969 69.9519L15.3184 84.3197L85.9358 -17.6077L65.1977 -31.9755L-5.41969 69.9519ZM88.75 20.6322C88.75 69.0414 34.3724 97.5207 -5.41969 69.9519L65.1977 -31.9755C22.7528 -61.3821 -35.25 -31.0043 -35.25 20.6322H88.75ZM-5.41969 0.0480881C34.3725 -27.5207 88.75 0.9587 88.75 49.3678H-35.25C-35.25 101.004 22.7527 131.382 65.1977 101.975L-5.41969 0.0480881ZM85.9358 87.6077C122.672 62.1559 122.672 7.8441 85.9358 -17.6077L15.3184 84.3197C-19.122 60.4587 -19.122 9.5413 15.3184 -14.3197L85.9358 87.6077Z\" fill=\"none\" mask=\"url(#path-2-inside-1_605_5881)\"\/>\n                            <\/svg>\n                        <\/div><\/div><\/div><div class=\"produkt-content\">\n                                <h2 class=\"produkt-titel\">Le 60\/40, Wiesbaden<\/h2>\n                                <div class=\"produkt-text\"><p>Un abattoir comme enseigne pour \u00abThe Green Mountain\u00bb ? Bien s\u00fbr ! Apr\u00e8s tout, ce qui compte, c&#8217;est le go\u00fbt, la r\u00e9gionalit\u00e9 et la durabilit\u00e9. D&#8217;autant plus que l&#8217;offre de viande chez 60\/40 est limit\u00e9e \u00e0 un b\u0153uf par mois. Que proposer de plus ? La recherche du meilleur substitut \u00e0 la viande a tourn\u00e9 \u00e0 plein r\u00e9gime &#8211; jusqu&#8217;\u00e0 ce que l&#8217;on trouve ce que l&#8217;on cherchait chez nous.<\/p>\n<\/div><\/div>\n\n                    <\/div><\/div><\/div>\n    <\/section>\n\n<section class=\"block-hero   zentriert  overlay \" style=\"background: url(https:\/\/www.thegreenmountain-foodservice.com\/wp-content\/uploads\/2024\/11\/241126_Hintergrund_Berge_der-Name_ist_Programm1.jpg) center center \/ cover no-repeat; background-color: #ffffff;\">\n    <div class=\"wrapper text-position-zentriert\" style=\" \"><div class=\"text-container\"><div class=\"tgm-name-graphic-container\">\n<h2>Le nom en dit d\u00e9ja long.<\/h2>\n<div class=\"tgm-name-graphic-inner\">\n<div class=\"program-logo\"><img decoding=\"async\" src=\"https:\/\/thegreenmountain-foodservice.com\/wp-content\/uploads\/2022\/03\/ueber_uns_grafik.png\" alt=\"The Green Mountain\" \/><\/div>\n<div class=\"ueber-uns-grafik\" style=\"justify-content: space-around\">\n<div class=\"light-green-box\"><span class=\"is-h3\" style=\"text-transform: uppercase;color: #3b5e51;margin-bottom: 1px !important\">Green<\/span><span class=\"light-green-box-heading\" style=\"text-transform: uppercase;color: #3b5e51\">= Z\u00e9ro viande<\/span><span class=\"light-green-box-text\"><mark>Naturel<\/mark><br \/>\n<mark>\u00e0 base de plantes<\/mark><br \/>\n<mark>durable<\/mark><\/div>\n<div class=\"light-green-box\"><span class=\"is-h3\" style=\"text-transform: uppercase;color: #3b5e51;margin-bottom: 1px !important\">Mountain<\/span><span class=\"light-green-box-heading\" style=\"text-transform: uppercase;color: #3b5e51\">= Pure saveur<\/span><span class=\"light-green-box-text\"><mark>Ingr\u00e9dients<\/mark><br \/>\n<mark>fabrication<\/mark><br \/>\n<mark>qualit\u00e9<\/mark><br \/>\n<\/span><\/div>\n<\/div>\n<\/div>\n<\/div>\n<\/div><div class=\"last-element\"><\/div>\n\n    <\/div>\n<\/section>\n\n<section class=\"block-text \" style=\"background: url() center center \/ cover no-repeat fixed; background-color: rgba(0,0,0,0);\">\n    <div class=\"wrapper width-100 spalten-1\" style=\" \"><h2>Qualit\u00e9 sup\u00e9rieure. Sans discours ronflant.<\/h2>\n<p>Qui dit r\u00e9gime alimentaire sant\u00e9, dit produits de qualit\u00e9. \u00abThe Green Mountain\u00bb trie ses ingr\u00e9dients sur le volet et renonce aux chichis :<\/p>\n<div class=\"list-cross\">\n<ul>\n<li>Plaisir 100% v\u00e9g\u00e9tarien<\/li>\n<li>Sans huile de palme<\/li>\n<li>Sans cholest\u00e9rol<\/li>\n<li>Sans exhausteur de go\u00fbt<\/li>\n<\/ul>\n<\/div>\n<\/div>\n<\/section>\n\n\n<section class=\"section-produkte-grid acf-produkte-grid\">\n        <div class=\"wrapper width-100\" style=\"padding-top: 0; padding-bottom: 0;\">\n\n            <div class=\"produkte-grid\"><div class=\"produkt-item\"><div class=\"produkt-media\" style=\"background-image: url(https:\/\/www.thegreenmountain-foodservice.com\/wp-content\/uploads\/2024\/11\/L2_102524003_Mini_Jobs_Bilder_TGM_780x640px3.jpg)!important;\"><\/div><div class=\"produkt-content\">\n                                <h2 class=\"produkt-titel\">Qualit\u00e9 Prim\u00e9e <\/h2>\n                                <div class=\"produkt-text\"><p>Que ce soit notre burger, qui a surpass\u00e9 la concurrence dans l&#8217;\u00e9mission Kassensturz de la SRF, ou notre alternative au fromage d&#8217;Italie, qui a d\u00e9croch\u00e9 une place tr\u00e8s convoit\u00e9e sur le podium des Swiss Vegan Awards : Notre vaste assortiment sp\u00e9cialis\u00e9 pour la gastronomie est vraiment fort ! D\u00e9couvrez d\u00e8s maintenant le Newcomer de l&#8217;ann\u00e9e 2021 des Swiss Vegan Awards.<\/p>\n<\/div><div class=\"produkt-cta\"><div><a href=\"\/ch-fr\/news\/et-le-laureat-est\/\" class=\"btn-svg\">en savoir plus<\/a><\/div><\/div><\/div>\n\n                    <\/div><div class=\"produkt-item\"><div class=\"produkt-media\" style=\"background-image: url(https:\/\/www.thegreenmountain-foodservice.com\/wp-content\/uploads\/2024\/11\/Bild_Verkaufsmaterial_FR.jpg)!important;\"><\/div><div class=\"produkt-content\">\n                                <h2 class=\"produkt-titel\">Mat\u00e9riel de vente <\/h2>\n                                <div class=\"produkt-text\"><p>Montre \u00e0 tes clients qu&#8217;ils peuvent go\u00fbter \u00e0 \u00abThe Green Mountain\u00bb dans ton \u00e9tablissement gr\u00e2ce \u00e0 notre large gamme de mat\u00e9riel publicitaire, des bo\u00eetes \u00e0 burgers aux planches \u00e0 d\u00e9couper exclusives. Contacte simplement ton\/ta responsable r\u00e9gional(e) des ventes pour obtenir des conseils suppl\u00e9mentaires et du mat\u00e9riel de soutien !<\/p>\n<\/div><div class=\"produkt-cta\"><div><a href=\"https:\/\/www.thegreenmountain-foodservice.com\/wp-content\/uploads\/2025\/04\/The-Green-Mountain_FR_Uebersicht_Werbematerial.pdf\" class=\"btn-svg\">T\u00e9l\u00e9charger Onepager<\/a><\/div><\/div><\/div>\n\n                    <\/div><div class=\"produkt-item\"><div class=\"produkt-media\" style=\"background-image: url(https:\/\/www.thegreenmountain-foodservice.com\/wp-content\/uploads\/2022\/04\/warum-the-green-mountain.jpg)!important;\"><\/div><div class=\"produkt-content\">\n                                <h2 class=\"produkt-titel\">Recettes D\u00e9licieuses <\/h2>\n                                <div class=\"produkt-text\"><p>Vari\u00e9, saisonnier, d\u00e9licieux : en plus de nos produits, nous te proposons des recettes inspir\u00e9es pour la gastronomie, avec lesquelles tu convaincras m\u00eame les gourmets les plus inv\u00e9t\u00e9r\u00e9s. <\/p>\n<\/div><div class=\"produkt-cta\"><div><a href=\"\/ch-fr\/recettes\/\" class=\"btn-svg\">Vers les recettes<\/a><\/div><\/div><\/div>\n\n                    <\/div><\/div><\/div>\n    <\/section>","protected":false},"excerpt":{"rendered":"","protected":false},"author":6,"featured_media":0,"parent":0,"menu_order":0,"comment_status":"closed","ping_status":"closed","template":"","meta":{"_acf_changed":false,"inline_featured_image":false,"footnotes":""},"class_list":["post-15633","page","type-page","status-publish","hentry"],"acf":[],"_links":{"self":[{"href":"https:\/\/www.thegreenmountain-foodservice.com\/ch-fr\/wp-json\/wp\/v2\/pages\/15633","targetHints":{"allow":["GET"]}}],"collection":[{"href":"https:\/\/www.thegreenmountain-foodservice.com\/ch-fr\/wp-json\/wp\/v2\/pages"}],"about":[{"href":"https:\/\/www.thegreenmountain-foodservice.com\/ch-fr\/wp-json\/wp\/v2\/types\/page"}],"author":[{"embeddable":true,"href":"https:\/\/www.thegreenmountain-foodservice.com\/ch-fr\/wp-json\/wp\/v2\/users\/6"}],"replies":[{"embeddable":true,"href":"https:\/\/www.thegreenmountain-foodservice.com\/ch-fr\/wp-json\/wp\/v2\/comments?post=15633"}],"version-history":[{"count":58,"href":"https:\/\/www.thegreenmountain-foodservice.com\/ch-fr\/wp-json\/wp\/v2\/pages\/15633\/revisions"}],"predecessor-version":[{"id":25943,"href":"https:\/\/www.thegreenmountain-foodservice.com\/ch-fr\/wp-json\/wp\/v2\/pages\/15633\/revisions\/25943"}],"wp:attachment":[{"href":"https:\/\/www.thegreenmountain-foodservice.com\/ch-fr\/wp-json\/wp\/v2\/media?parent=15633"}],"curies":[{"name":"wp","href":"https:\/\/api.w.org\/{rel}","templated":true}]}}