{"id":15577,"date":"2022-03-29T09:04:45","date_gmt":"2022-03-29T09:04:45","guid":{"rendered":"https:\/\/www.thegreenmountain-foodservice.com\/jetzt-geniessen\/"},"modified":"2025-03-05T14:19:41","modified_gmt":"2025-03-05T14:19:41","slug":"contact","status":"publish","type":"page","link":"https:\/\/www.thegreenmountain-foodservice.com\/ch-fr\/contact\/","title":{"rendered":"Contact"},"content":{"rendered":"<section class=\"block-hero   zentriert  overlay \" style=\"background: url(https:\/\/www.thegreenmountain-foodservice.com\/wp-content\/uploads\/2025\/03\/Kontakt-Header-Vilan-e1741184689603.jpg) center center \/ cover no-repeat; background-color: rgba(0,0,0,0);\">\n    <div class=\"wrapper text-position-zentriert\" style=\" \"><div class=\"text-container\"><h1>La cuisine se met au vert.<\/h1>\n<\/div><div class=\"last-element\"><\/div>\n\n    <\/div>\n<\/section>\n\n<section class=\"block-hero   zentriert  overlay \" style=\"background: url() center center \/ cover no-repeat; background-color: #ffffff;\">\n    <div class=\"wrapper text-position-zentriert\" style=\" \"><div class=\"text-container\"><h2>Nos produits \u00e0 tout faire.<br \/>\nDISPONIBLE d\u00e8s maintenant dans votre commerce de gros !<\/h2>\n<\/div><div class=\"last-element\"><\/div>\n\n    <\/div>\n<\/section>\n\n<section class=\"block-kontakt\"><div class=\"left-image\"><img decoding=\"async\" src=\"https:\/\/www.thegreenmountain-foodservice.com\/wp-content\/uploads\/2024\/10\/Gina-TGM-Brand-Ambassador-CH.jpg\" srcset=\"https:\/\/www.thegreenmountain-foodservice.com\/wp-content\/uploads\/2024\/10\/Gina-TGM-Brand-Ambassador-CH-300x255.jpg 300w, https:\/\/www.thegreenmountain-foodservice.com\/wp-content\/uploads\/2024\/10\/Gina-TGM-Brand-Ambassador-CH.jpg 706w\" alt=\"Gina The Green Mountain Brand Ambassador Schweiz \" \/><\/div>\n    <div class=\"right-content\">\n\t\t<div class=\"right-content-wrapper\"><div class=\"text-dark\">\n<h2>Assez discut\u00e9. Il est temps de passer \u00e0 l\u2019action et de se r\u00e9galer.<\/h2>\n<p>Des conseils comp\u00e9tents et des produits tout aussi g\u00e9niaux. Inscrivez-vous d\u00e8s aujourd&#8217;hui aupr\u00e8s de nos Brand Ambassadors et enrichissez votre menu.\n<\/p><\/div>\n<p><a class=\"btn-svg\" href=\"mailto:&#x69;n&#102;&#111;&#x40;&#x74;h&#101;&#x67;&#x72;e&#101;&#x6e;&#x6d;o&#117;&#110;&#x74;&#x61;i&#110;&#x2e;&#x63;h\" target=\"_blank\" rel=\"noopener\">Participez maintenant<\/a><\/p>\n<\/div>\n\t<\/div>\n<\/section>","protected":false},"excerpt":{"rendered":"","protected":false},"author":7,"featured_media":0,"parent":0,"menu_order":0,"comment_status":"closed","ping_status":"closed","template":"","meta":{"_acf_changed":false,"inline_featured_image":false,"footnotes":""},"class_list":["post-15577","page","type-page","status-publish","hentry"],"acf":[],"_links":{"self":[{"href":"https:\/\/www.thegreenmountain-foodservice.com\/ch-fr\/wp-json\/wp\/v2\/pages\/15577","targetHints":{"allow":["GET"]}}],"collection":[{"href":"https:\/\/www.thegreenmountain-foodservice.com\/ch-fr\/wp-json\/wp\/v2\/pages"}],"about":[{"href":"https:\/\/www.thegreenmountain-foodservice.com\/ch-fr\/wp-json\/wp\/v2\/types\/page"}],"author":[{"embeddable":true,"href":"https:\/\/www.thegreenmountain-foodservice.com\/ch-fr\/wp-json\/wp\/v2\/users\/7"}],"replies":[{"embeddable":true,"href":"https:\/\/www.thegreenmountain-foodservice.com\/ch-fr\/wp-json\/wp\/v2\/comments?post=15577"}],"version-history":[{"count":30,"href":"https:\/\/www.thegreenmountain-foodservice.com\/ch-fr\/wp-json\/wp\/v2\/pages\/15577\/revisions"}],"predecessor-version":[{"id":25372,"href":"https:\/\/www.thegreenmountain-foodservice.com\/ch-fr\/wp-json\/wp\/v2\/pages\/15577\/revisions\/25372"}],"wp:attachment":[{"href":"https:\/\/www.thegreenmountain-foodservice.com\/ch-fr\/wp-json\/wp\/v2\/media?parent=15577"}],"curies":[{"name":"wp","href":"https:\/\/api.w.org\/{rel}","templated":true}]}}