{"id":15567,"date":"2022-03-29T09:36:35","date_gmt":"2022-03-29T09:36:35","guid":{"rendered":"https:\/\/www.thegreenmountain-foodservice.com\/rezepte\/"},"modified":"2022-05-29T22:21:11","modified_gmt":"2022-05-29T22:21:11","slug":"recettes","status":"publish","type":"page","link":"https:\/\/www.thegreenmountain-foodservice.com\/ch-fr\/recettes\/","title":{"rendered":"Recettes"},"content":{"rendered":"<section class=\"block-hero fullscreen  zentriert  overlay \" style=\"background: url(https:\/\/www.thegreenmountain-foodservice.com\/wp-content\/uploads\/2022\/04\/produkt-header-gehacktes.jpg) center center \/ cover no-repeat; background-color: rgba(0,0,0,0);\">\n    <div class=\"wrapper text-position-zentriert\" style=\"padding-top: 0; \"><div class=\"text-container\"><h1><span style=\"color: #ffffff\">Recettes pour<br \/>\nv\u00e9g\u00e9taliens, v\u00e9g\u00e9tariens et flexitariens.<\/span><\/h1>\n<\/div><div class=\"last-element\"><\/div>\n\n    <\/div>\n<\/section>\n\n<section class=\"section-rezepte acf-rezepte\">\n                    <div class=\"wrapper pb-0\" style=\" \"><h2 class=\"rezepte-titel\">En mal d\u2019inspiration ?<\/h2><div class=\"rezepte-text\">Les produits \u00abThe Green Mountain\u00bb sont un pur r\u00e9gal. Et ils sont encore bien meilleurs lorsqu\u2019ils sont accommod\u00e9s pour cr\u00e9er un plat irr\u00e9sistible ! D\u00e9couvre notre compilation d\u2019id\u00e9es qui te mettront l\u2019eau \u00e0 la bouche.<\/div><\/div>\n                    <div class=\"pb\"><div class=\"wrapper\"><div id=\"filters\" class=\"button-group\">\n                                <div class=\"button is-checked\" data-filter=\"*\"><span>Tous<\/span><\/div><div class=\"button bt-balls-ch-fr\" data-filter=\".balls-ch-fr\">\n                                            <span>Balls<\/span>\n                                        <\/div><div class=\"button bt-burger-2-ch-fr\" data-filter=\".burger-2-ch-fr\">\n                                            <span>Burger<\/span>\n                                        <\/div><div class=\"button bt-emince-ch-fr\" data-filter=\".emince-ch-fr\">\n                                            <span>Eminc\u00e9<\/span>\n                                        <\/div><div class=\"button bt-filet-ch-fr\" data-filter=\".filet-ch-fr\">\n                                            <span>Filet<\/span>\n                                        <\/div><div class=\"button bt-fromage-ditalie-ch-fr\" data-filter=\".fromage-ditalie-ch-fr\">\n                                            <span>Fromage d&#039;Italie<\/span>\n                                        <\/div><div class=\"button bt-hachee-ch-fr\" data-filter=\".hachee-ch-fr\">\n                                            <span>Hach\u00e9e<\/span>\n                                        <\/div><div class=\"button bt-mince-ch-fr\" data-filter=\".mince-ch-fr\">\n                                            <span>Mince<\/span>\n                                        <\/div><div class=\"button bt-saucisse-grillee-ch-fr\" data-filter=\".saucisse-grillee-ch-fr\">\n                                            <span>Saucisse grill\u00e9e<\/span>\n                                        <\/div><\/div><div class=\"rezepte-grid isotope filtered\"><a href=\"https:\/\/www.thegreenmountain-foodservice.com\/ch-fr\/filet-ch-fr\/23685\/\" class=\"rezept element-item filet-ch-fr\" data-category=\"filet-ch-fr\">\n                                        <div class=\"rezept-thumb\" style=\"background-image:url(https:\/\/www.thegreenmountain-foodservice.com\/wp-content\/uploads\/2022\/12\/Chicken-Tenders-TN.png);\"><\/div>\n                                        <h2 class=\"rezept-titel\">Chicken Tenders<\/h2>\n                                    <\/a><a href=\"https:\/\/www.thegreenmountain-foodservice.com\/ch-fr\/emince-ch-fr\/plant-based-emince-a-la-zurichoise\/\" class=\"rezept element-item emince-ch-fr\" data-category=\"emince-ch-fr\">\n                                        <div class=\"rezept-thumb\" style=\"background-image:url(https:\/\/www.thegreenmountain-foodservice.com\/wp-content\/uploads\/2022\/08\/TGM-Zuri-Gschnetzlets-Cropped-1024x840.png);\"><\/div>\n                                        <h2 class=\"rezept-titel\">Eminc\u00e9 \u00e0 la Zurichoise<\/h2>\n                                    <\/a><a href=\"https:\/\/www.thegreenmountain-foodservice.com\/ch-fr\/burger-2-ch-fr\/rote-zwiebel-balsamico-burger\/\" class=\"rezept element-item burger-2-ch-fr\" data-category=\"burger-2-ch-fr\">\n                                        <div class=\"rezept-thumb\" style=\"background-image:url(https:\/\/www.thegreenmountain-foodservice.com\/wp-content\/uploads\/2022\/07\/TGM-Burger-Rote-Zwiebel-Balsamico-Cropped.png);\"><\/div>\n                                        <h2 class=\"rezept-titel\">Balsamico Burger<\/h2>\n                                    <\/a><a href=\"https:\/\/www.thegreenmountain-foodservice.com\/ch-fr\/burger-2-ch-fr\/chimichurri-burger\/\" class=\"rezept element-item burger-2-ch-fr\" data-category=\"burger-2-ch-fr\">\n                                        <div class=\"rezept-thumb\" style=\"background-image:url(https:\/\/www.thegreenmountain-foodservice.com\/wp-content\/uploads\/2022\/03\/header-chimichurri-burger-1024x512.jpg);\"><\/div>\n                                        <h2 class=\"rezept-titel\">Chimichurri Burger<\/h2>\n                                    <\/a><a href=\"https:\/\/www.thegreenmountain-foodservice.com\/ch-fr\/hachee-ch-fr\/rouleau-de-chou\/\" class=\"rezept element-item hachee-ch-fr\" data-category=\"hachee-ch-fr\">\n                                        <div class=\"rezept-thumb\" style=\"background-image:url(https:\/\/www.thegreenmountain-foodservice.com\/wp-content\/uploads\/2022\/03\/header-geschmorte-weiskohl-wickerl-1024x512.jpg);\"><\/div>\n                                        <h2 class=\"rezept-titel\">Rouleau de chou<\/h2>\n                                    <\/a><a href=\"https:\/\/www.thegreenmountain-foodservice.com\/ch-fr\/saucisse-grillee-ch-fr\/plant-based-saucisse-au-curry\/\" class=\"rezept element-item saucisse-grillee-ch-fr\" data-category=\"saucisse-grillee-ch-fr\">\n                                        <div class=\"rezept-thumb\" style=\"background-image:url(https:\/\/www.thegreenmountain-foodservice.com\/wp-content\/uploads\/2022\/03\/header-Currywurst-1024x512.jpg);\"><\/div>\n                                        <h2 class=\"rezept-titel\">Plant-based Saucisse au Curry<\/h2>\n                                    <\/a><a href=\"https:\/\/www.thegreenmountain-foodservice.com\/ch-fr\/filet-ch-fr\/coq-au-riesling\/\" class=\"rezept element-item filet-ch-fr\" data-category=\"filet-ch-fr\">\n                                        <div class=\"rezept-thumb\" style=\"background-image:url(https:\/\/www.thegreenmountain-foodservice.com\/wp-content\/uploads\/2022\/03\/header-coq-au-riesling-1-1024x512.jpg);\"><\/div>\n                                        <h2 class=\"rezept-titel\">Coq au riesling<\/h2>\n                                    <\/a><a href=\"https:\/\/www.thegreenmountain-foodservice.com\/ch-fr\/emince-ch-fr\/soupe-de-potiron-au-gingembre-avec-emince\/\" class=\"rezept element-item emince-ch-fr\" data-category=\"emince-ch-fr\">\n                                        <div class=\"rezept-thumb\" style=\"background-image:url(https:\/\/www.thegreenmountain-foodservice.com\/wp-content\/uploads\/2022\/03\/header-kuerbis-ingwersuppe-1024x512.jpg);\"><\/div>\n                                        <h2 class=\"rezept-titel\">Soupe de potiron au gingembre avec Eminc\u00e9<\/h2>\n                                    <\/a><a href=\"https:\/\/www.thegreenmountain-foodservice.com\/ch-fr\/emince-ch-fr\/ragout-coreen-de-kimchi-avec-effiloche\/\" class=\"rezept element-item emince-ch-fr\" data-category=\"emince-ch-fr\">\n                                        <div class=\"rezept-thumb\" style=\"background-image:url(https:\/\/www.thegreenmountain-foodservice.com\/wp-content\/uploads\/2022\/03\/header-kimchieintop-1024x512.jpg);\"><\/div>\n                                        <h2 class=\"rezept-titel\">Rago\u00fbt cor\u00e9en de kimchi avec Effiloch\u00e9<\/h2>\n                                    <\/a><a href=\"https:\/\/www.thegreenmountain-foodservice.com\/ch-fr\/saucisse-grillee-ch-fr\/salade-de-alternative-a-la-saucisse-rouge\/\" class=\"rezept element-item saucisse-grillee-ch-fr\" data-category=\"saucisse-grillee-ch-fr\">\n                                        <div class=\"rezept-thumb\" style=\"background-image:url(https:\/\/www.thegreenmountain-foodservice.com\/wp-content\/uploads\/2022\/03\/header-Wurstsalat-1024x512.jpg);\"><\/div>\n                                        <h2 class=\"rezept-titel\">Salade de Alternative \u00e0 la Saucisse<\/h2>\n                                    <\/a><a href=\"https:\/\/www.thegreenmountain-foodservice.com\/ch-fr\/balls-ch-fr\/balls-et-soupe-cremeuse-aux-poireaux\/\" class=\"rezept element-item balls-ch-fr\" data-category=\"balls-ch-fr\">\n                                        <div class=\"rezept-thumb\" style=\"background-image:url(https:\/\/www.thegreenmountain-foodservice.com\/wp-content\/uploads\/2022\/03\/header-porreesuppe-1024x512.jpg);\"><\/div>\n                                        <h2 class=\"rezept-titel\">Balls et soupe cr\u00e9meuse aux poireaux<\/h2>\n                                    <\/a><a href=\"https:\/\/www.thegreenmountain-foodservice.com\/ch-fr\/fromage-ditalie-ch-fr\/sandwich-au-fromage-ditalie-avec-une-sauce-cocktail\/\" class=\"rezept element-item fromage-ditalie-ch-fr\" data-category=\"fromage-ditalie-ch-fr\">\n                                        <div class=\"rezept-thumb\" style=\"background-image:url(https:\/\/www.thegreenmountain-foodservice.com\/wp-content\/uploads\/2022\/03\/header-fleischkaesesemmel-1024x512.jpg);\"><\/div>\n                                        <h2 class=\"rezept-titel\">Sandwich au fromage d&#8217;Italie avec une sauce cocktail<\/h2>\n                                    <\/a><\/div>\n                        <\/div>\n                    <\/div>\n                <\/section>","protected":false},"excerpt":{"rendered":"","protected":false},"author":7,"featured_media":0,"parent":0,"menu_order":0,"comment_status":"closed","ping_status":"closed","template":"template-rezepte.php","meta":{"_acf_changed":false,"inline_featured_image":false,"footnotes":""},"class_list":["post-15567","page","type-page","status-publish","hentry"],"acf":[],"_links":{"self":[{"href":"https:\/\/www.thegreenmountain-foodservice.com\/ch-fr\/wp-json\/wp\/v2\/pages\/15567","targetHints":{"allow":["GET"]}}],"collection":[{"href":"https:\/\/www.thegreenmountain-foodservice.com\/ch-fr\/wp-json\/wp\/v2\/pages"}],"about":[{"href":"https:\/\/www.thegreenmountain-foodservice.com\/ch-fr\/wp-json\/wp\/v2\/types\/page"}],"author":[{"embeddable":true,"href":"https:\/\/www.thegreenmountain-foodservice.com\/ch-fr\/wp-json\/wp\/v2\/users\/7"}],"replies":[{"embeddable":true,"href":"https:\/\/www.thegreenmountain-foodservice.com\/ch-fr\/wp-json\/wp\/v2\/comments?post=15567"}],"version-history":[{"count":5,"href":"https:\/\/www.thegreenmountain-foodservice.com\/ch-fr\/wp-json\/wp\/v2\/pages\/15567\/revisions"}],"predecessor-version":[{"id":16523,"href":"https:\/\/www.thegreenmountain-foodservice.com\/ch-fr\/wp-json\/wp\/v2\/pages\/15567\/revisions\/16523"}],"wp:attachment":[{"href":"https:\/\/www.thegreenmountain-foodservice.com\/ch-fr\/wp-json\/wp\/v2\/media?parent=15567"}],"curies":[{"name":"wp","href":"https:\/\/api.w.org\/{rel}","templated":true}]}}